{"id":75,"date":"2012-05-31T16:09:49","date_gmt":"2012-05-31T16:09:49","guid":{"rendered":"http:\/\/www.test.kks-nordstemmen.de\/?page_id=75"},"modified":"2024-04-23T21:30:51","modified_gmt":"2024-04-23T19:30:51","slug":"impressum","status":"publish","type":"page","link":"https:\/\/www.kks-nordstemmen.de\/?page_id=75","title":{"rendered":"Impressum"},"content":{"rendered":"\n<h4 class=\"wp-block-heading\">Allgemeine Informationspflicht gem. \u00a7 5 Telemediengesetz<\/h4>\n\n\n\n<p>Kleinkaliber-Sch\u00fctzengesellschaft von 1928 Nordstemmen e.V<\/p>\n\n\n\n<p>Marienbergstra\u00dfe 45<br \/>31171 Nordstemmen<\/p>\n\n\n\n<p>Telefon: 0152 04584627<br \/>E-Mail: kontakt(at)kks-nordstemmen.de<br \/>Internet: kks-nordstemmen.de<\/p>\n\n\n\n<p>Vertretungsberechtigter Vorstand:<br \/>Jens Schwieger<\/p>\n\n\n\n<p>Registergericht: Amtsgericht Hildesheim<br \/>Registernummer: VR 140013e.<\/p>\n\n\n\n<h4 class=\"wp-block-heading\">Redaktion und Gestaltung<\/h4>\n\n\n\n<p>Jens Schwieger<br \/>E-Mail: vorsitzender(at)kks-nordstemmen.de<\/p>\n\n\n\n<p>Alle Informationen dienen zur pers\u00f6nlichen Information. <br \/>Eine kommerzielle Nutzung der Seiten des KKS Nordstemmen, der Inhalte, Bilder, Informationen, redaktionellen Beschreibungen, der Strukturierung etc. ist nicht erlaubt.&nbsp;<br \/>Die auf dieser Internetseiten ver\u00f6ffentlichten Texte, Bilder und Informationen sind zum Teil urheberrechtlich gesch\u00fctzt. F\u00fcr Fehler im Text, in Erkl\u00e4rungen und Darstellungen oder falsche Links wird keine Haftung \u00fcbernommen. Der KKS Nordstemmen \u00fcbernimmt auch keinerlei Haftung f\u00fcr die Inhalte der als Links aufgef\u00fchrten Internetangebote.<\/p>\n","protected":false},"excerpt":{"rendered":"<p>Allgemeine Informationspflicht gem. \u00a7 5 Telemediengesetz Kleinkaliber-Sch\u00fctzengesellschaft von 1928 Nordstemmen e.V Marienbergstra\u00dfe 4531171 Nordstemmen Telefon: 0152 04584627E-Mail: kontakt(at)kks-nordstemmen.deInternet: kks-nordstemmen.de Vertretungsberechtigter Vorstand:Jens Schwieger Registergericht: Amtsgericht HildesheimRegisternummer: VR 140013e. Redaktion und Gestaltung&#46;&#46;&#46;<\/p>\n","protected":false},"author":1,"featured_media":0,"parent":0,"menu_order":0,"comment_status":"closed","ping_status":"closed","template":"","meta":{"advanced_seo_description":"","jetpack_seo_html_title":"","jetpack_seo_noindex":false,"footnotes":""},"class_list":["post-75","page","type-page","status-publish","hentry"],"jetpack_sharing_enabled":false,"_links":{"self":[{"href":"https:\/\/www.kks-nordstemmen.de\/index.php?rest_route=\/wp\/v2\/pages\/75","targetHints":{"allow":["GET"]}}],"collection":[{"href":"https:\/\/www.kks-nordstemmen.de\/index.php?rest_route=\/wp\/v2\/pages"}],"about":[{"href":"https:\/\/www.kks-nordstemmen.de\/index.php?rest_route=\/wp\/v2\/types\/page"}],"author":[{"embeddable":true,"href":"https:\/\/www.kks-nordstemmen.de\/index.php?rest_route=\/wp\/v2\/users\/1"}],"replies":[{"embeddable":true,"href":"https:\/\/www.kks-nordstemmen.de\/index.php?rest_route=%2Fwp%2Fv2%2Fcomments&post=75"}],"version-history":[{"count":35,"href":"https:\/\/www.kks-nordstemmen.de\/index.php?rest_route=\/wp\/v2\/pages\/75\/revisions"}],"predecessor-version":[{"id":11070,"href":"https:\/\/www.kks-nordstemmen.de\/index.php?rest_route=\/wp\/v2\/pages\/75\/revisions\/11070"}],"wp:attachment":[{"href":"https:\/\/www.kks-nordstemmen.de\/index.php?rest_route=%2Fwp%2Fv2%2Fmedia&parent=75"}],"curies":[{"name":"wp","href":"https:\/\/api.w.org\/{rel}","templated":true}]}}