{"id":72,"date":"2012-05-31T16:00:34","date_gmt":"2012-05-31T16:00:34","guid":{"rendered":"http:\/\/www.test.kks-nordstemmen.de\/?page_id=72"},"modified":"2023-03-24T13:58:37","modified_gmt":"2023-03-24T12:58:37","slug":"kontakt","status":"publish","type":"page","link":"https:\/\/www.kks-nordstemmen.de\/?page_id=72","title":{"rendered":"Kontakt"},"content":{"rendered":"<div class=\"wpforms-container wpforms-container-full wpforms-block wpforms-render-modern\" id=\"wpforms-5281\"><form id=\"wpforms-form-5281\" class=\"wpforms-validate wpforms-form\" data-formid=\"5281\" method=\"post\" enctype=\"multipart\/form-data\" action=\"\/index.php?rest_route=%2Fwp%2Fv2%2Fpages%2F72\" data-token=\"700123bc757c7b7bca1364a808604253\" data-token-time=\"1776331079\"><noscript class=\"wpforms-error-noscript\">Bitte aktiviere JavaScript in deinem Browser, um dieses Formular fertigzustellen.<\/noscript><div id=\"wpforms-error-noscript\" style=\"display: none;\">Bitte aktiviere JavaScript in deinem Browser, um dieses Formular fertigzustellen.<\/div><div class=\"wpforms-field-container\"><div id=\"wpforms-5281-field_0-container\" class=\"wpforms-field wpforms-field-name\" data-field-id=\"0\"><fieldset><legend class=\"wpforms-field-label\">Name <span class=\"wpforms-required-label\" aria-hidden=\"true\">*<\/span><\/legend><div class=\"wpforms-field-row wpforms-field-medium\"><div class=\"wpforms-field-row-block wpforms-first wpforms-one-half\"><input type=\"text\" id=\"wpforms-5281-field_0\" class=\"wpforms-field-name-first wpforms-field-required\" name=\"wpforms[fields][0][first]\" aria-errormessage=\"wpforms-5281-field_0-error\" required><label for=\"wpforms-5281-field_0\" class=\"wpforms-field-sublabel after\">Vorname<\/label><\/div><div class=\"wpforms-field-row-block wpforms-one-half\"><input type=\"text\" id=\"wpforms-5281-field_0-last\" class=\"wpforms-field-name-last wpforms-field-required\" name=\"wpforms[fields][0][last]\" aria-errormessage=\"wpforms-5281-field_0-last-error\" required><label for=\"wpforms-5281-field_0-last\" class=\"wpforms-field-sublabel after\">Nachname<\/label><\/div><\/div><\/fieldset><\/div><div id=\"wpforms-5281-field_1-container\" class=\"wpforms-field wpforms-field-email\" data-field-id=\"1\"><label class=\"wpforms-field-label\" for=\"wpforms-5281-field_1\">E-Mail <span class=\"wpforms-required-label\" aria-hidden=\"true\">*<\/span><\/label><input type=\"email\" id=\"wpforms-5281-field_1\" class=\"wpforms-field-medium wpforms-field-required\" name=\"wpforms[fields][1]\" spellcheck=\"false\" aria-errormessage=\"wpforms-5281-field_1-error\" required><\/div><div id=\"wpforms-5281-field_2-container\" class=\"wpforms-field wpforms-field-textarea\" data-field-id=\"2\"><label class=\"wpforms-field-label\" for=\"wpforms-5281-field_2\">Kommentar oder Nachricht <span class=\"wpforms-required-label\" aria-hidden=\"true\">*<\/span><\/label><textarea id=\"wpforms-5281-field_2\" class=\"wpforms-field-medium wpforms-field-required\" name=\"wpforms[fields][2]\" aria-errormessage=\"wpforms-5281-field_2-error\" required><\/textarea><\/div><div id=\"wpforms-5281-field_3-container\" class=\"wpforms-field wpforms-field-gdpr-checkbox\" data-field-id=\"3\"><label class=\"wpforms-field-label wpforms-label-hide\" aria-hidden=\"false\">DSGVO-Einverst\u00e4ndnis <span class=\"wpforms-required-label\" aria-hidden=\"true\">*<\/span><\/label><ul id=\"wpforms-5281-field_3\" class=\"wpforms-field-required\"><li class=\"choice-1\"><input type=\"checkbox\" id=\"wpforms-5281-field_3_1\" name=\"wpforms[fields][3][]\" value=\"Sie erkl\u00e4ren sich damit einverstanden, dass die personenbezogenen Daten, die im Rahmen der Kontaktanfrage angegeben werden, f\u00fcr die Bearbeitung Ihrer Anfrage genutzt und unverz\u00fcglich vom Webserver gel\u00f6scht werden. Wir weisen darauf hin, dass die Nachrichten gegebenenfalls im Rahmen gesetzlich bestehender Aufbewahrungspflichten aufbewahrt werden. Eine Weitergabe an Dritte findet nicht statt. Weitere Informationen zum Datenschutz finden Sie in unserer &lt;a href=&quot;http:\/\/kks-nordstemmen.de\/?page_id=3213&quot;&gt;Datenschutzerkl\u00e4rung.&lt;\/a&gt;\" aria-errormessage=\"wpforms-5281-field_3_1-error\" required ><label class=\"wpforms-field-label-inline\" for=\"wpforms-5281-field_3_1\">Sie erkl\u00e4ren sich damit einverstanden, dass die personenbezogenen Daten, die im Rahmen der Kontaktanfrage angegeben werden, f\u00fcr die Bearbeitung Ihrer Anfrage genutzt und unverz\u00fcglich vom Webserver gel\u00f6scht werden. Wir weisen darauf hin, dass die Nachrichten gegebenenfalls im Rahmen gesetzlich bestehender Aufbewahrungspflichten aufbewahrt werden. Eine Weitergabe an Dritte findet nicht statt. Weitere Informationen zum Datenschutz finden Sie in unserer <a href=\"http:\/\/kks-nordstemmen.de\/?page_id=3213\">Datenschutzerkl\u00e4rung.<\/a> <span class=\"wpforms-required-label\" aria-hidden=\"true\">*<\/span><\/label><\/li><\/ul><\/div><\/div><!-- .wpforms-field-container --><div class=\"wpforms-field wpforms-field-hp\"><label for=\"wpforms-5281-field-hp\" class=\"wpforms-field-label\">Comment<\/label><input type=\"text\" name=\"wpforms[hp]\" id=\"wpforms-5281-field-hp\" class=\"wpforms-field-medium\"><\/div><div class=\"wpforms-recaptcha-container wpforms-is-recaptcha wpforms-is-recaptcha-type-v3\" ><input type=\"hidden\" name=\"wpforms[recaptcha]\" value=\"\"><\/div><div class=\"wpforms-submit-container\" ><input type=\"hidden\" name=\"wpforms[id]\" value=\"5281\"><input type=\"hidden\" name=\"page_title\" value=\"\"><input type=\"hidden\" name=\"page_url\" value=\"https:\/\/www.kks-nordstemmen.de\/index.php?rest_route=\/wp\/v2\/pages\/72\"><input type=\"hidden\" name=\"url_referer\" value=\"\"><button type=\"submit\" name=\"wpforms[submit]\" id=\"wpforms-submit-5281\" class=\"wpforms-submit\" data-alt-text=\"Senden...\" data-submit-text=\"Absenden\" aria-live=\"assertive\" value=\"wpforms-submit\">Absenden<\/button><\/div><\/form><\/div>  <!-- .wpforms-container -->\n\n\n<iframe loading=\"lazy\" width=\"720\" height=\"350\" frameborder=\"0\" scrolling=\"no\" marginheight=\"0\" marginwidth=\"0\" src=\"https:\/\/www.openstreetmap.org\/export\/embed.html?bbox=9.766566753387453%2C52.16193539960146%2C9.78357195854187%2C52.16954943938323&amp;layer=mapnik\" style=\"border: 1px solid black\"><\/iframe><br \/><small><a href=\"https:\/\/www.openstreetmap.org\/#map=17\/52.16574\/9.77507\">Gr\u00f6\u00dfere Karte anzeigen<\/a><\/small>\n","protected":false},"excerpt":{"rendered":"<p>Gr\u00f6\u00dfere Karte anzeigen<\/p>\n","protected":false},"author":1,"featured_media":0,"parent":0,"menu_order":0,"comment_status":"closed","ping_status":"closed","template":"","meta":{"advanced_seo_description":"","jetpack_seo_html_title":"","jetpack_seo_noindex":false,"footnotes":""},"class_list":["post-72","page","type-page","status-publish","hentry"],"jetpack_sharing_enabled":false,"_links":{"self":[{"href":"https:\/\/www.kks-nordstemmen.de\/index.php?rest_route=\/wp\/v2\/pages\/72","targetHints":{"allow":["GET"]}}],"collection":[{"href":"https:\/\/www.kks-nordstemmen.de\/index.php?rest_route=\/wp\/v2\/pages"}],"about":[{"href":"https:\/\/www.kks-nordstemmen.de\/index.php?rest_route=\/wp\/v2\/types\/page"}],"author":[{"embeddable":true,"href":"https:\/\/www.kks-nordstemmen.de\/index.php?rest_route=\/wp\/v2\/users\/1"}],"replies":[{"embeddable":true,"href":"https:\/\/www.kks-nordstemmen.de\/index.php?rest_route=%2Fwp%2Fv2%2Fcomments&post=72"}],"version-history":[{"count":62,"href":"https:\/\/www.kks-nordstemmen.de\/index.php?rest_route=\/wp\/v2\/pages\/72\/revisions"}],"predecessor-version":[{"id":11319,"href":"https:\/\/www.kks-nordstemmen.de\/index.php?rest_route=\/wp\/v2\/pages\/72\/revisions\/11319"}],"wp:attachment":[{"href":"https:\/\/www.kks-nordstemmen.de\/index.php?rest_route=%2Fwp%2Fv2%2Fmedia&parent=72"}],"curies":[{"name":"wp","href":"https:\/\/api.w.org\/{rel}","templated":true}]}}