{"id":10992,"date":"2024-02-21T19:56:35","date_gmt":"2024-02-21T18:56:35","guid":{"rendered":"http:\/\/kks-nordstemmen.de\/?page_id=10992"},"modified":"2024-06-14T12:55:18","modified_gmt":"2024-06-14T10:55:18","slug":"meldung-zur-seniorenauflagemeisterschaft","status":"publish","type":"page","link":"https:\/\/www.kks-nordstemmen.de\/?page_id=10992","title":{"rendered":"Meldung zur Seniorenauflagemeisterschaft"},"content":{"rendered":"<style id=\"wpforms-css-vars-10987-block-0a6a83c3-fe93-4e86-8af4-e002762ce141\">\n\t\t\t\t#wpforms-10987.wpforms-block-0a6a83c3-fe93-4e86-8af4-e002762ce141 {\n\t\t\t\t--wpforms-button-border-radius: 5px;\n--wpforms-button-background-color: #00d084;\n--wpforms-button-text-color: #000000;\n--wpforms-field-size-input-height: 43px;\n--wpforms-field-size-input-spacing: 15px;\n--wpforms-field-size-font-size: 16px;\n--wpforms-field-size-line-height: 19px;\n--wpforms-field-size-padding-h: 14px;\n--wpforms-field-size-checkbox-size: 16px;\n--wpforms-field-size-sublabel-spacing: 5px;\n--wpforms-field-size-icon-size: 1;\n--wpforms-label-size-font-size: 16px;\n--wpforms-label-size-line-height: 19px;\n--wpforms-label-size-sublabel-font-size: 14px;\n--wpforms-label-size-sublabel-line-height: 17px;\n--wpforms-button-size-font-size: 17px;\n--wpforms-button-size-height: 41px;\n--wpforms-button-size-padding-h: 15px;\n--wpforms-button-size-margin-top: 10px;\n\t\t\t}\n\t\t\t<\/style><div class=\"wpforms-container wpforms-container-full wpforms-block wpforms-block-0a6a83c3-fe93-4e86-8af4-e002762ce141 wpforms-render-modern\" id=\"wpforms-10987\"><form id=\"wpforms-form-10987\" class=\"wpforms-validate wpforms-form wpforms-ajax-form\" data-formid=\"10987\" method=\"post\" enctype=\"multipart\/form-data\" action=\"\/index.php?rest_route=%2Fwp%2Fv2%2Fpages%2F10992\" data-token=\"ea5db1e31919322ff916d7bc448b7ec1\" data-token-time=\"1776205787\"><noscript class=\"wpforms-error-noscript\">Bitte aktiviere JavaScript in deinem Browser, um dieses Formular fertigzustellen.<\/noscript><div id=\"wpforms-error-noscript\" style=\"display: none;\">Bitte aktiviere JavaScript in deinem Browser, um dieses Formular fertigzustellen.<\/div><div class=\"wpforms-field-container\"><div id=\"wpforms-10987-field_4-container\" class=\"wpforms-field wpforms-field-name\" data-field-id=\"4\"><fieldset><legend class=\"wpforms-field-label\">Name <span class=\"wpforms-required-label\" aria-hidden=\"true\">*<\/span><\/legend><div class=\"wpforms-field-row wpforms-field-medium\"><div class=\"wpforms-field-row-block wpforms-first wpforms-one-half\"><input type=\"text\" id=\"wpforms-10987-field_4\" class=\"wpforms-field-name-first wpforms-field-required\" name=\"wpforms[fields][4][first]\" placeholder=\"Vorname\" aria-errormessage=\"wpforms-10987-field_4-error\" required><label for=\"wpforms-10987-field_4\" class=\"wpforms-field-sublabel after wpforms-sublabel-hide\">Vorname<\/label><\/div><div class=\"wpforms-field-row-block wpforms-one-half\"><input type=\"text\" id=\"wpforms-10987-field_4-last\" class=\"wpforms-field-name-last wpforms-field-required\" name=\"wpforms[fields][4][last]\" placeholder=\"Nachname\" aria-errormessage=\"wpforms-10987-field_4-last-error\" required><label for=\"wpforms-10987-field_4-last\" class=\"wpforms-field-sublabel after wpforms-sublabel-hide\">Nachname<\/label><\/div><\/div><\/fieldset><\/div><div id=\"wpforms-10987-field_8-container\" class=\"wpforms-field wpforms-field-number wpforms-one-half wpforms-first\" data-field-id=\"8\"><label class=\"wpforms-field-label\" for=\"wpforms-10987-field_8\">Geburtsmonat <span class=\"wpforms-required-label\" aria-hidden=\"true\">*<\/span><\/label><input type=\"number\" id=\"wpforms-10987-field_8\" class=\"wpforms-field-small wpforms-field-required\" name=\"wpforms[fields][8]\" step=\"any\" aria-errormessage=\"wpforms-10987-field_8-error\" required><\/div><div id=\"wpforms-10987-field_9-container\" class=\"wpforms-field wpforms-field-number wpforms-one-half\" data-field-id=\"9\"><label class=\"wpforms-field-label\" for=\"wpforms-10987-field_9\">Geburtsjahr <span class=\"wpforms-required-label\" aria-hidden=\"true\">*<\/span><\/label><input type=\"number\" id=\"wpforms-10987-field_9\" class=\"wpforms-field-small wpforms-field-required\" name=\"wpforms[fields][9]\" step=\"any\" aria-errormessage=\"wpforms-10987-field_9-error\" required><\/div><div id=\"wpforms-10987-field_6-container\" class=\"wpforms-field wpforms-field-checkbox\" data-field-id=\"6\"><fieldset><legend class=\"wpforms-field-label\">W\u00e4hle deine Disziplinen<\/legend><ul id=\"wpforms-10987-field_6\"><li class=\"choice-17 depth-1\"><input type=\"checkbox\" id=\"wpforms-10987-field_6_17\" name=\"wpforms[fields][6][]\" value=\"10m Luftgewehr sitzend Auflage\" aria-errormessage=\"wpforms-10987-field_6_17-error\"  ><label class=\"wpforms-field-label-inline\" for=\"wpforms-10987-field_6_17\">10m Luftgewehr sitzend Auflage<\/label><\/li><li class=\"choice-8 depth-1\"><input type=\"checkbox\" id=\"wpforms-10987-field_6_8\" name=\"wpforms[fields][6][]\" value=\"50m KK sitzend Auflage\" aria-errormessage=\"wpforms-10987-field_6_8-error\"  ><label class=\"wpforms-field-label-inline\" for=\"wpforms-10987-field_6_8\">50m KK sitzend Auflage<\/label><\/li><\/ul><\/fieldset><\/div><\/div><!-- .wpforms-field-container --><div class=\"wpforms-recaptcha-container wpforms-is-recaptcha wpforms-is-recaptcha-type-v3\" ><input type=\"hidden\" name=\"wpforms[recaptcha]\" value=\"\"><\/div><div class=\"wpforms-submit-container\" ><input type=\"hidden\" name=\"wpforms[id]\" value=\"10987\"><input type=\"hidden\" name=\"page_title\" value=\"\"><input type=\"hidden\" name=\"page_url\" value=\"https:\/\/www.kks-nordstemmen.de\/index.php?rest_route=\/wp\/v2\/pages\/10992\"><input type=\"hidden\" name=\"url_referer\" value=\"\"><button type=\"submit\" name=\"wpforms[submit]\" id=\"wpforms-submit-10987\" class=\"wpforms-submit\" data-alt-text=\"Wird gesendet\u00a0\u2026\" data-submit-text=\"Meldung einreichen\" aria-live=\"assertive\" value=\"wpforms-submit\">Meldung einreichen<\/button><img loading=\"lazy\" decoding=\"async\" src=\"https:\/\/www.kks-nordstemmen.de\/wp-content\/plugins\/wpforms-lite\/assets\/images\/submit-spin.svg\" class=\"wpforms-submit-spinner\" style=\"display: none;\" width=\"26\" height=\"26\" alt=\"Wird geladen\"><\/div><\/form><\/div>  <!-- .wpforms-container -->\n\n\n<hr class=\"wp-block-separator has-alpha-channel-opacity\"\/>\n\n\n\n<h5 class=\"wp-block-heading\">Alterserfordernisse<\/h5>\n\n\n\n<p>Alle Teilnehmer m\u00fcssen im Laufe des Sportjahres ihr 41. Lebensjahr vollendet haben.<\/p>\n\n\n\n<h5 class=\"wp-block-heading\">Wettkampfklassen<\/h5>\n\n\n\n<p>Senioren 0 m. : 1983 \u2013 1974<br \/>Senioren 0 w. : 1983 \u2013 1974<br \/>Senioren I-II m. : 1973 \u2013 1959<br \/>Senioren I-II w. : 1973 \u2013 1959<br \/>Senioren III-V m. : 1958 und \u00e4lter<br \/>Senioren III-V w. : 1958 und \u00e4lter<\/p>\n\n\n\n<p>Diese Altersgruppen sind in der Einzelwertung festgeschrieben!<br \/>H\u00f6hermeldungen gem. SpO werden nicht ber\u00fccksichtigt.<\/p>\n\n\n\n<h5 class=\"wp-block-heading\">Die Mannschaftswertung ist in folgenden Klassen ausgeschrieben:<\/h5>\n\n\n\n<ul class=\"wp-block-list\">\n<li>Senioren 0 m.\/w.<\/li>\n\n\n\n<li>Senioren I \u2013 II m.\/w.<\/li>\n\n\n\n<li>Senioren III \u2013 V m.\/w.<br \/>Eine Mannschaft besteht aus drei Startern, es gibt kein Streichergebnis.<br \/>Mannschaften k\u00f6nnen wie folgt aufgef\u00fcllt werden:<\/li>\n\n\n\n<li>Senioren 0 m.\/w. mit Senioren I-II m.\/w.<\/li>\n\n\n\n<li>Senioren I-II m.\/w. mit Senioren III-V m.\/w.<br \/>In der Einzelwertung werden diese Sch\u00fctzen\/Sch\u00fctzinnen jedoch dann in der st\u00e4rkeren Wettkampfklasse gewertet.<\/li>\n<\/ul>\n\n\n\n<h5 class=\"wp-block-heading\">Regelungen zum Anschlag Sitzend Auflage<\/h5>\n\n\n\n<p>St\u00fchle werden vom Veranstalter gestellt. Der Ellenbogen des am Abzug befindlichen Arms darf auf der Stuhllehne aufgelegt werden. Dar\u00fcber hinaus d\u00fcrfen keine weiteren K\u00f6rperteile die Stuhllehne und\/oder den Schie\u00dftisch ber\u00fchren. Das Anstemmen oder Einhaken eines Fu\u00dfes oder beider F\u00fc\u00dfe an der Schie\u00dfbahnabgrenzung oder am Stuhl ist nicht gestattet.<\/p>\n\n\n\n<h5 class=\"wp-block-heading\">Startgeld<\/h5>\n\n\n\n<p>Das Startgeld wird f\u00fcr Einzelstarts einheitlich auf \u20ac 8,00 festgelegt.<\/p>\n\n\n\n<h5 class=\"wp-block-heading\">Vorschie\u00dfen<\/h5>\n\n\n\n<p>Ein Vorschie\u00dfen zur Auflagemeisterschaft wird nur auf schriftlichen Antrag an den Wettkampfleiter gestattet. Alle vorgeschossenen Ergebnisse werden in der Einzelwertung nicht mit in die Wertung aufgenommen. Mannschaften mit mehr als einem vorgeschossenen Ergebnis werden ebenfalls nicht in die Wertung mit aufgenommen.<\/p>\n\n\n\n<div class=\"wp-block-buttons is-layout-flex wp-block-buttons-is-layout-flex\">\n<div class=\"wp-block-button is-style-outline is-style-outline--1\"><a class=\"wp-block-button__link has-text-color has-background has-link-color wp-element-button\" href=\"https:\/\/ssv-hi.de\/sport\/auflagemeisterschaft\/\" style=\"border-radius:10px;color:#bae849;background-color:#3e653c\" target=\"_blank\" rel=\"noreferrer noopener\">Siehe auch:<\/a><\/div>\n<\/div>\n","protected":false},"excerpt":{"rendered":"<p>Alterserfordernisse Alle Teilnehmer m\u00fcssen im Laufe des Sportjahres ihr 41. Lebensjahr vollendet haben. Wettkampfklassen Senioren 0 m. : 1983 \u2013 1974Senioren 0 w. : 1983 \u2013 1974Senioren I-II m. :&#46;&#46;&#46;<\/p>\n","protected":false},"author":1,"featured_media":0,"parent":0,"menu_order":0,"comment_status":"closed","ping_status":"closed","template":"","meta":{"advanced_seo_description":"","jetpack_seo_html_title":"","jetpack_seo_noindex":false,"footnotes":""},"class_list":["post-10992","page","type-page","status-publish","hentry"],"jetpack_sharing_enabled":true,"_links":{"self":[{"href":"https:\/\/www.kks-nordstemmen.de\/index.php?rest_route=\/wp\/v2\/pages\/10992","targetHints":{"allow":["GET"]}}],"collection":[{"href":"https:\/\/www.kks-nordstemmen.de\/index.php?rest_route=\/wp\/v2\/pages"}],"about":[{"href":"https:\/\/www.kks-nordstemmen.de\/index.php?rest_route=\/wp\/v2\/types\/page"}],"author":[{"embeddable":true,"href":"https:\/\/www.kks-nordstemmen.de\/index.php?rest_route=\/wp\/v2\/users\/1"}],"replies":[{"embeddable":true,"href":"https:\/\/www.kks-nordstemmen.de\/index.php?rest_route=%2Fwp%2Fv2%2Fcomments&post=10992"}],"version-history":[{"count":11,"href":"https:\/\/www.kks-nordstemmen.de\/index.php?rest_route=\/wp\/v2\/pages\/10992\/revisions"}],"predecessor-version":[{"id":11363,"href":"https:\/\/www.kks-nordstemmen.de\/index.php?rest_route=\/wp\/v2\/pages\/10992\/revisions\/11363"}],"wp:attachment":[{"href":"https:\/\/www.kks-nordstemmen.de\/index.php?rest_route=%2Fwp%2Fv2%2Fmedia&parent=10992"}],"curies":[{"name":"wp","href":"https:\/\/api.w.org\/{rel}","templated":true}]}}